{"id":2,"date":"2022-10-14T21:34:08","date_gmt":"2022-10-14T18:34:08","guid":{"rendered":"https:\/\/www.hot-holiday.com\/tr\/?page_id=2"},"modified":"2022-10-31T01:39:38","modified_gmt":"2022-10-30T22:39:38","slug":"hakkinda","status":"publish","type":"page","link":"https:\/\/www.hot-holiday.com\/tr\/hakkinda\/","title":{"rendered":"Hakk\u0131m\u0131zda"},"content":{"rendered":"<p>2003 y\u0131l\u0131nda &#8220;Herkes Tatil Yapacak&#8221; slogan\u0131yla yola \u00e7\u0131kan HOT Holiday, misafirlerine en iyi hizmeti en iyi fiyatlara sa\u011flamaktad\u0131r. Turizm sekt\u00f6r\u00fcn\u00fcn en eski temsilcilerinden olan markam\u0131z d\u00fcnyan\u0131n her yerindeki yerel a\u011f\u0131 ile otel konaklama hizmetleri vermektedir.<\/p>\n<p>M\u00fc\u015fteri memnuniyeti ve kaliteli hizmet anlay\u0131\u015f\u0131n\u0131n her \u015feyden \u00f6nce geldi\u011fine inanan HOT Holiday&#8217;in tecr\u00fcbeli ekibi, bu ilke do\u011frultusunda ihtiya\u00e7lar\u0131n\u0131z\u0131n t\u00fcm\u00fcne h\u0131zl\u0131ca cevap verebilmek ve sizlere unutulmaz bir tatil tecr\u00fcbesi ya\u015fatmak i\u00e7in gerekli t\u00fcm \u00e7al\u0131\u015fmalar\u0131 yapmaya devam ediyor.<\/p>\n<p>T\u00fcrkiye&#8217;nin en \u00e7ok tercih edilen tatil operat\u00f6r\u00fc HOT Holiday&#8217;de, her b\u00fct\u00e7eye hitap eden e\u015fi g\u00f6r\u00fclmemi\u015f paket f\u0131rsatlar\u0131 ile unutulmaz tatiller sizi bekliyor.<\/p>\n","protected":false},"excerpt":{"rendered":"<p>2003 y\u0131l\u0131nda &#8220;Herkes Tatil Yapacak&#8221; slogan\u0131yla yola \u00e7\u0131kan HOT Holiday, misafirlerine en iyi hizmeti en iyi fiyatlara sa\u011flamaktad\u0131r. Turizm sekt\u00f6r\u00fcn\u00fcn<\/p>\n","protected":false},"author":1,"featured_media":0,"parent":0,"menu_order":0,"comment_status":"closed","ping_status":"closed","template":"","meta":{"footnotes":""},"class_list":["post-2","page","type-page","status-publish","hentry"],"_links":{"self":[{"href":"https:\/\/www.hot-holiday.com\/tr\/wp-json\/wp\/v2\/pages\/2","targetHints":{"allow":["GET"]}}],"collection":[{"href":"https:\/\/www.hot-holiday.com\/tr\/wp-json\/wp\/v2\/pages"}],"about":[{"href":"https:\/\/www.hot-holiday.com\/tr\/wp-json\/wp\/v2\/types\/page"}],"author":[{"embeddable":true,"href":"https:\/\/www.hot-holiday.com\/tr\/wp-json\/wp\/v2\/users\/1"}],"replies":[{"embeddable":true,"href":"https:\/\/www.hot-holiday.com\/tr\/wp-json\/wp\/v2\/comments?post=2"}],"version-history":[{"count":0,"href":"https:\/\/www.hot-holiday.com\/tr\/wp-json\/wp\/v2\/pages\/2\/revisions"}],"wp:attachment":[{"href":"https:\/\/www.hot-holiday.com\/tr\/wp-json\/wp\/v2\/media?parent=2"}],"curies":[{"name":"wp","href":"https:\/\/api.w.org\/{rel}","templated":true}]}}